{"id":2079,"date":"2025-02-21T13:00:28","date_gmt":"2025-02-21T13:00:28","guid":{"rendered":"https:\/\/finovate.vamtam.com\/?page_id=2079"},"modified":"2026-01-14T18:05:04","modified_gmt":"2026-01-14T23:05:04","slug":"rodrigo-reyes","status":"publish","type":"page","link":"https:\/\/brb-ingenieros.com\/index.php\/nosotros\/team\/rodrigo-reyes\/","title":{"rendered":"Rodrigo Reyes"},"content":{"rendered":"\t\t<div data-elementor-type=\"wp-page\" data-elementor-id=\"2079\" class=\"elementor elementor-2079\" data-elementor-post-type=\"page\">\n\t\t\t\t<div class=\"elementor-element elementor-element-5aef412 e-flex e-con-boxed e-con e-parent\" data-id=\"5aef412\" data-element_type=\"container\">\n\t\t\t\t\t<div class=\"e-con-inner\">\n\t\t\t\t<div class=\"elementor-element elementor-element-9c9281f elementor-widget elementor-widget-text-editor\" data-id=\"9c9281f\" data-element_type=\"widget\" data-widget_type=\"text-editor.default\">\n\t\t\t\t<div class=\"elementor-widget-container\">\n\t\t\t\t\t\t\t\t\t<p data-start=\"113\" data-end=\"601\">Ingeniero Ambiental con especializaci\u00f3n en Planeaci\u00f3n Ambiental y Manejo Integral de los Recursos Naturales, y Maestr\u00eda en Tecnolog\u00edas Limpias. Cuenta con m\u00e1s de ocho a\u00f1os de experiencia liderando proyectos en los sectores energ\u00e9tico y ambiental, destac\u00e1ndose por la direcci\u00f3n, coordinaci\u00f3n, planificaci\u00f3n y ejecuci\u00f3n de proyectos de gran escala, garantizando el cumplimiento de altos est\u00e1ndares de calidad y de la normativa ambiental vigente.<\/p><p data-start=\"603\" data-end=\"1068\">Su enfoque como Gerente General se basa en la toma de decisiones estrat\u00e9gicas y en la gesti\u00f3n eficiente de equipos multidisciplinarios para asegurar el \u00e9xito de los proyectos a su cargo. Ha liderado la estructuraci\u00f3n y ajuste de estudios de impacto ambiental, la elaboraci\u00f3n de planes de manejo ambiental y el seguimiento t\u00e9cnico de proyectos relacionados con la expansi\u00f3n de la capacidad de transporte de gas y la implementaci\u00f3n de parques solares fotovoltaicos.<\/p><p data-start=\"1070\" data-end=\"1312\">Se caracteriza por su compromiso con el desarrollo sostenible, la mejora continua y el trabajo colaborativo, orientando su gesti\u00f3n al logro de resultados, al cumplimiento de los objetivos organizacionales y al \u00e9xito integral de los proyectos.<\/p>\t\t\t\t\t\t\t\t<\/div>\n\t\t\t\t<\/div>\n\t\t\t\t\t<\/div>\n\t\t\t\t<\/div>\n\t\t\t\t<\/div>\n\t\t","protected":false},"excerpt":{"rendered":"<p>Ingeniero Ambiental con especializaci\u00f3n en Planeaci\u00f3n Ambiental y Manejo Integral de los Recursos Naturales, y Maestr\u00eda en Tecnolog\u00edas Limpias. Cuenta con m\u00e1s de ocho a\u00f1os de experiencia liderando proyectos en los sectores energ\u00e9tico y ambiental, destac\u00e1ndose por la direcci\u00f3n, coordinaci\u00f3n, planificaci\u00f3n y ejecuci\u00f3n de proyectos de gran escala, garantizando el cumplimiento de altos est\u00e1ndares de&#8230;<\/p>\n","protected":false},"author":1,"featured_media":989240,"parent":1071,"menu_order":0,"comment_status":"closed","ping_status":"closed","template":"","meta":{"footnotes":""},"class_list":["post-2079","page","type-page","status-publish","has-post-thumbnail","hentry"],"_links":{"self":[{"href":"https:\/\/brb-ingenieros.com\/index.php\/wp-json\/wp\/v2\/pages\/2079","targetHints":{"allow":["GET"]}}],"collection":[{"href":"https:\/\/brb-ingenieros.com\/index.php\/wp-json\/wp\/v2\/pages"}],"about":[{"href":"https:\/\/brb-ingenieros.com\/index.php\/wp-json\/wp\/v2\/types\/page"}],"author":[{"embeddable":true,"href":"https:\/\/brb-ingenieros.com\/index.php\/wp-json\/wp\/v2\/users\/1"}],"replies":[{"embeddable":true,"href":"https:\/\/brb-ingenieros.com\/index.php\/wp-json\/wp\/v2\/comments?post=2079"}],"version-history":[{"count":13,"href":"https:\/\/brb-ingenieros.com\/index.php\/wp-json\/wp\/v2\/pages\/2079\/revisions"}],"predecessor-version":[{"id":989275,"href":"https:\/\/brb-ingenieros.com\/index.php\/wp-json\/wp\/v2\/pages\/2079\/revisions\/989275"}],"up":[{"embeddable":true,"href":"https:\/\/brb-ingenieros.com\/index.php\/wp-json\/wp\/v2\/pages\/1071"}],"wp:featuredmedia":[{"embeddable":true,"href":"https:\/\/brb-ingenieros.com\/index.php\/wp-json\/wp\/v2\/media\/989240"}],"wp:attachment":[{"href":"https:\/\/brb-ingenieros.com\/index.php\/wp-json\/wp\/v2\/media?parent=2079"}],"curies":[{"name":"wp","href":"https:\/\/api.w.org\/{rel}","templated":true}]}}